{"id":2214,"date":"2022-02-27T21:52:28","date_gmt":"2022-02-27T20:52:28","guid":{"rendered":"https:\/\/adava.fr\/wp\/?page_id=2214"},"modified":"2024-02-14T22:28:04","modified_gmt":"2024-02-14T21:28:04","slug":"savoir-rouler-a-velo","status":"publish","type":"page","link":"https:\/\/adava.fr\/wp\/savoir-rouler-a-velo\/","title":{"rendered":"Savoir Rouler A V\u00e9lo"},"content":{"rendered":"\n<p>C&rsquo;est un programme qui propose aux enfants de 6 \u00e0 11 ans, de suivre une formation de 10 heures r\u00e9parties en 3 \u00e9tapes, encadr\u00e9e par des professionnels.<\/p>\n\n\n\n<p><strong>1 &#8211; Savoir p\u00e9daler<\/strong> = maitriser les fondamentaux du v\u00e9lo. Il s\u2019agit d\u2019acqu\u00e9rir un bon \u00e9quilibre et d\u2019apprendre \u00e0 conduire et piloter son v\u00e9lo correctement : p\u00e9daler, tourner, freiner.<br><strong>2 &#8211; Savoir circuler <\/strong>= d\u00e9couvrir la mobilit\u00e9 \u00e0 v\u00e9lo en milieu s\u00e9curis\u00e9. Il s\u2019agit de savoir rouler en groupe, communiquer pour informer les autres d\u2019une volont\u00e9 de changer de direction, et d\u00e9couvrir les panneaux du code de la route.<br><strong>3 &#8211; Savoir rouler \u00e0 v\u00e9lo<\/strong> = circuler en situation r\u00e9elle. Il s\u2019agit d\u2019apprendre \u00e0 rouler en autonomie sur la voie publique et \u00e0 s\u2019approprier les diff\u00e9rents espaces de pratique.<\/p>\n\n\n\n<p>Cette formation est dispens\u00e9e sur tout le territoire dans le temps scolaire, p\u00e9riscolaire ou extrascolaire et par le biais des nombreux partenaires du Programme \u00ab\u00a0Savoir Rouler \u00e0 V\u00e9lo\u00a0\u00bb, comme la F\u00e9d\u00e9ration Fran\u00e7aise de Cyclisme, la F\u00e9d\u00e9ration des usagers de la bicyclette ou l&rsquo;Union Sport et Cycle qui mobilisent tous leurs clubs.<\/p>\n\n\n\n<p>Pour en savoir plus : <a href=\"https:\/\/savoirrouleravelo.fr\">https:\/\/savoirrouleravelo.fr<\/a><\/p>\n\n\n\n<p>L&rsquo;ADAVA Pays d&rsquo;Aix propose cette formation dans toutes les \u00e9coles du Pays d&rsquo;Aix, dispens\u00e9e par des moniteurs dipl\u00f4m\u00e9s. La premi\u00e8re formation a eu lieu \u00e0 l&rsquo;\u00e9cole de la Burli\u00e8re \u00e0 Pertuis en f\u00e9vrier 2022, suivi par 2 autres formations en mars 2022 sur Aix en Provence, aux Floralies et \u00e0 Jean Jaur\u00e8s. <br>Par la suite plusieurs sessions ont eu lieu en 2023 \u00e0 Gardanne et Velaux. Et bien d&rsquo;autres encore dans les ann\u00e9es \u00e0 venir. <\/p>\n\n\n\n<p>Parent d&rsquo;\u00e9l\u00e8ve, enseignant, directeur d&rsquo;\u00e9cole, \u00e9lu,&#8230; vous souhaitez organiser cette formation dans votre ville ? Alors contactez-nous pour en savoir plus sur les d\u00e9marches. <br>Lydie, responsable SRAV \u00e0 l&rsquo;ADAVA  : <a href=\"mailto:coursvelo@adava.fr\" data-type=\"mailto\" data-id=\"mailto:coursvelo@adava.fr\">coursvelo @ adava.fr<\/a><\/p>\n","protected":false},"excerpt":{"rendered":"<p>C&rsquo;est un programme qui propose aux enfants de 6 \u00e0 11 ans, de suivre une formation de 10 heures r\u00e9parties en 3 \u00e9tapes, encadr\u00e9e par des professionnels. 1 &#8211; Savoir p\u00e9daler = maitriser les fondamentaux du v\u00e9lo. Il s\u2019agit d\u2019acqu\u00e9rir&#8230; <a class=\"more-link\" href=\"https:\/\/adava.fr\/wp\/savoir-rouler-a-velo\/\">Continue Reading &rarr;<\/a><\/p>\n","protected":false},"author":5,"featured_media":2217,"parent":0,"menu_order":0,"comment_status":"closed","ping_status":"closed","template":"template-nosidebar.php","meta":{"footnotes":""},"class_list":["post-2214","page","type-page","status-publish","has-post-thumbnail","hentry"],"jetpack_sharing_enabled":true,"_links":{"self":[{"href":"https:\/\/adava.fr\/wp\/wp-json\/wp\/v2\/pages\/2214","targetHints":{"allow":["GET"]}}],"collection":[{"href":"https:\/\/adava.fr\/wp\/wp-json\/wp\/v2\/pages"}],"about":[{"href":"https:\/\/adava.fr\/wp\/wp-json\/wp\/v2\/types\/page"}],"author":[{"embeddable":true,"href":"https:\/\/adava.fr\/wp\/wp-json\/wp\/v2\/users\/5"}],"replies":[{"embeddable":true,"href":"https:\/\/adava.fr\/wp\/wp-json\/wp\/v2\/comments?post=2214"}],"version-history":[{"count":2,"href":"https:\/\/adava.fr\/wp\/wp-json\/wp\/v2\/pages\/2214\/revisions"}],"predecessor-version":[{"id":2945,"href":"https:\/\/adava.fr\/wp\/wp-json\/wp\/v2\/pages\/2214\/revisions\/2945"}],"wp:featuredmedia":[{"embeddable":true,"href":"https:\/\/adava.fr\/wp\/wp-json\/wp\/v2\/media\/2217"}],"wp:attachment":[{"href":"https:\/\/adava.fr\/wp\/wp-json\/wp\/v2\/media?parent=2214"}],"curies":[{"name":"wp","href":"https:\/\/api.w.org\/{rel}","templated":true}]}}