{"id":2288,"date":"2022-03-30T22:03:03","date_gmt":"2022-03-30T20:03:03","guid":{"rendered":"http:\/\/adava.fr\/wp\/?page_id=2288"},"modified":"2023-04-12T23:09:28","modified_gmt":"2023-04-12T21:09:28","slug":"fete-du-velo-2022","status":"publish","type":"page","link":"https:\/\/adava.fr\/wp\/fete-du-velo-2022\/","title":{"rendered":"F\u00eate du v\u00e9lo 2022"},"content":{"rendered":"\n<p class=\"has-text-align-center\">La 2eme f\u00eate du v\u00e9lo a eu lieu le 15 mai 2022 sur le cours Mirabeau <\/p>\n\n\n<div class=\"wp-block-image\">\n<figure class=\"aligncenter size-large\"><img loading=\"lazy\" decoding=\"async\" width=\"1024\" height=\"478\" src=\"http:\/\/adava.fr\/wp\/wp-content\/uploads\/2022\/05\/128487a5f5dc4f9b85fec483f7f8dc-1024x478.jpg\" alt=\"\" class=\"wp-image-2320\" srcset=\"https:\/\/adava.fr\/wp\/wp-content\/uploads\/2022\/05\/128487a5f5dc4f9b85fec483f7f8dc-1024x478.jpg 1024w, https:\/\/adava.fr\/wp\/wp-content\/uploads\/2022\/05\/128487a5f5dc4f9b85fec483f7f8dc-300x140.jpg 300w, https:\/\/adava.fr\/wp\/wp-content\/uploads\/2022\/05\/128487a5f5dc4f9b85fec483f7f8dc-768x358.jpg 768w, https:\/\/adava.fr\/wp\/wp-content\/uploads\/2022\/05\/128487a5f5dc4f9b85fec483f7f8dc-600x280.jpg 600w, https:\/\/adava.fr\/wp\/wp-content\/uploads\/2022\/05\/128487a5f5dc4f9b85fec483f7f8dc-945x441.jpg 945w, https:\/\/adava.fr\/wp\/wp-content\/uploads\/2022\/05\/128487a5f5dc4f9b85fec483f7f8dc.jpg 1200w\" sizes=\"auto, (max-width: 1024px) 100vw, 1024px\" \/><\/figure><\/div>\n\n\n<hr class=\"wp-block-separator has-css-opacity\"\/>\n\n\n\n<p>Quelle belle journ\u00e9e nous avons pass\u00e9 ensemble ce dimanche 15 mai \u00e0 Aix-en-Provence. Nous avons encore des \u00e9toiles plein les yeux !&nbsp;<img loading=\"lazy\" decoding=\"async\" height=\"16\" width=\"16\" alt=\"\ud83e\udd29\" src=\"https:\/\/static.xx.fbcdn.net\/images\/emoji.php\/v9\/tb1\/1.5\/16\/1f929.png\"><img loading=\"lazy\" decoding=\"async\" height=\"16\" width=\"16\" alt=\"\ud83e\udd29\" src=\"https:\/\/static.xx.fbcdn.net\/images\/emoji.php\/v9\/tb1\/1.5\/16\/1f929.png\"><\/p>\n\n\n\n<p>Merci \u00e0 tous les b\u00e9n\u00e9voles de l\u2019Adava pour leur implication sans faille, c\u2019est eux qui ont rendu cette journ\u00e9e inoubliable !<\/p>\n\n\n\n<p>Merci \u00e0 la Ville d\u2019Aix qui a co-organis\u00e9 cette f\u00eate, riche en animations et activit\u00e9s autour du v\u00e9lo,<\/p>\n\n\n\n<p>Merci \u00e0 nos antennes pour leur mobilisation et pour la convergence qui a \u00e9t\u00e9 un moment tr\u00e8s \u00e9mouvant de cette journ\u00e9e,<\/p>\n\n\n\n<p>Et un grand merci \u00e0 tous ceux qui se sont d\u00e9plac\u00e9s et qui ont c\u00e9l\u00e9br\u00e9 avec nous le v\u00e9lo !<\/p>\n\n\n\n<p>A bient\u00f4t,<br>La team Adava\u00a0<img loading=\"lazy\" decoding=\"async\" height=\"16\" width=\"16\" src=\"https:\/\/static.xx.fbcdn.net\/images\/emoji.php\/v9\/t39\/1.5\/16\/1f6b4.png\" alt=\"\ud83d\udeb4\"><\/p>\n\n\n\n<p>Article \u00e0 lire sur le m\u00e9dia en ligne Gomet : <\/p>\n\n\n\n<p><a href=\"https:\/\/gomet.net\/mobilites-ils-sont-venus-de-tout-le-pays-daix\/\">https:\/\/gomet.net\/mobilites-ils-sont-venus-de-tout-le-pays-daix\/<\/a><\/p>\n\n\n\n<figure class=\"wp-block-image size-full\"><img loading=\"lazy\" decoding=\"async\" width=\"940\" height=\"788\" src=\"https:\/\/adava.fr\/wp\/wp-content\/uploads\/2023\/04\/281766669_5474245865933072_745044414599534700_n.jpg\" alt=\"\" class=\"wp-image-2703\" srcset=\"https:\/\/adava.fr\/wp\/wp-content\/uploads\/2023\/04\/281766669_5474245865933072_745044414599534700_n.jpg 940w, https:\/\/adava.fr\/wp\/wp-content\/uploads\/2023\/04\/281766669_5474245865933072_745044414599534700_n-300x251.jpg 300w, https:\/\/adava.fr\/wp\/wp-content\/uploads\/2023\/04\/281766669_5474245865933072_745044414599534700_n-768x644.jpg 768w, https:\/\/adava.fr\/wp\/wp-content\/uploads\/2023\/04\/281766669_5474245865933072_745044414599534700_n-600x503.jpg 600w\" sizes=\"auto, (max-width: 940px) 100vw, 940px\" \/><\/figure>\n\n\n\n<div data-wp-interactive=\"core\/file\" class=\"wp-block-file\"><object data-wp-bind--hidden=\"!state.hasPdfPreview\" hidden class=\"wp-block-file__embed\" data=\"https:\/\/adava.fr\/wp\/wp-content\/uploads\/2023\/04\/Programme-fete-du-Velo.pdf\" type=\"application\/pdf\" style=\"width:100%;height:600px\" aria-label=\"Contenu embarqu\u00e9 Programme-fete-du-Velo.\"><\/object><a id=\"wp-block-file--media-49adb149-e77e-4960-84bf-b96020c85689\" href=\"https:\/\/adava.fr\/wp\/wp-content\/uploads\/2023\/04\/Programme-fete-du-Velo.pdf\">Programme-fete-du-Velo<\/a><a href=\"https:\/\/adava.fr\/wp\/wp-content\/uploads\/2023\/04\/Programme-fete-du-Velo.pdf\" class=\"wp-block-file__button wp-element-button\" download aria-describedby=\"wp-block-file--media-49adb149-e77e-4960-84bf-b96020c85689\">T\u00e9l\u00e9charger<\/a><\/div>\n","protected":false},"excerpt":{"rendered":"<p>La 2eme f\u00eate du v\u00e9lo a eu lieu le 15 mai 2022 sur le cours Mirabeau Quelle belle journ\u00e9e nous avons pass\u00e9 ensemble ce dimanche 15 mai \u00e0 Aix-en-Provence. Nous avons encore des \u00e9toiles plein les yeux !&nbsp; Merci \u00e0&#8230; <a class=\"more-link\" href=\"https:\/\/adava.fr\/wp\/fete-du-velo-2022\/\">Continue Reading &rarr;<\/a><\/p>\n","protected":false},"author":5,"featured_media":0,"parent":0,"menu_order":0,"comment_status":"closed","ping_status":"closed","template":"template-nosidebar.php","meta":{"footnotes":""},"class_list":["post-2288","page","type-page","status-publish","hentry"],"jetpack_sharing_enabled":true,"_links":{"self":[{"href":"https:\/\/adava.fr\/wp\/wp-json\/wp\/v2\/pages\/2288","targetHints":{"allow":["GET"]}}],"collection":[{"href":"https:\/\/adava.fr\/wp\/wp-json\/wp\/v2\/pages"}],"about":[{"href":"https:\/\/adava.fr\/wp\/wp-json\/wp\/v2\/types\/page"}],"author":[{"embeddable":true,"href":"https:\/\/adava.fr\/wp\/wp-json\/wp\/v2\/users\/5"}],"replies":[{"embeddable":true,"href":"https:\/\/adava.fr\/wp\/wp-json\/wp\/v2\/comments?post=2288"}],"version-history":[{"count":0,"href":"https:\/\/adava.fr\/wp\/wp-json\/wp\/v2\/pages\/2288\/revisions"}],"wp:attachment":[{"href":"https:\/\/adava.fr\/wp\/wp-json\/wp\/v2\/media?parent=2288"}],"curies":[{"name":"wp","href":"https:\/\/api.w.org\/{rel}","templated":true}]}}