{"id":2582,"date":"2022-11-02T22:53:15","date_gmt":"2022-11-02T21:53:15","guid":{"rendered":"http:\/\/adava.fr\/wp\/?page_id=2582"},"modified":"2022-11-16T11:04:28","modified_gmt":"2022-11-16T10:04:28","slug":"la-velo-ecole-pour-etudiants","status":"publish","type":"page","link":"https:\/\/adava.fr\/wp\/la-velo-ecole-pour-etudiants\/","title":{"rendered":"La v\u00e9lo-\u00e9cole pour \u00e9tudiants"},"content":{"rendered":"\n<p>Pour les \u00e9tudiants de l\u2019acad\u00e9mie d&rsquo;Aix-Marseille, les cours de v\u00e9lo sont enti\u00e8rement pris en charge par le Crous d&rsquo;Aix-Marseille Avignon sur fonds Cvec<\/p>\n\n\n\n<div class=\"wp-block-columns is-layout-flex wp-container-core-columns-is-layout-9d6595d7 wp-block-columns-is-layout-flex\">\n<div class=\"wp-block-column is-layout-flow wp-block-column-is-layout-flow\">\n<div class=\"wp-block-image\"><figure class=\"aligncenter size-full is-resized\"><img loading=\"lazy\" decoding=\"async\" src=\"http:\/\/adava.fr\/wp\/wp-content\/uploads\/2022\/11\/crous-AMU-1.jpg\" alt=\"\" class=\"wp-image-2593\" width=\"128\" height=\"128\" srcset=\"https:\/\/adava.fr\/wp\/wp-content\/uploads\/2022\/11\/crous-AMU-1.jpg 960w, https:\/\/adava.fr\/wp\/wp-content\/uploads\/2022\/11\/crous-AMU-1-300x300.jpg 300w, https:\/\/adava.fr\/wp\/wp-content\/uploads\/2022\/11\/crous-AMU-1-150x150.jpg 150w, https:\/\/adava.fr\/wp\/wp-content\/uploads\/2022\/11\/crous-AMU-1-768x768.jpg 768w, https:\/\/adava.fr\/wp\/wp-content\/uploads\/2022\/11\/crous-AMU-1-600x600.jpg 600w, https:\/\/adava.fr\/wp\/wp-content\/uploads\/2022\/11\/crous-AMU-1-945x945.jpg 945w\" sizes=\"auto, (max-width: 128px) 100vw, 128px\" \/><\/figure><\/div>\n<\/div>\n\n\n\n<div class=\"wp-block-column is-layout-flow wp-block-column-is-layout-flow\">\n<div class=\"wp-block-image\"><figure class=\"aligncenter size-full is-resized\"><img loading=\"lazy\" decoding=\"async\" src=\"http:\/\/adava.fr\/wp\/wp-content\/uploads\/2022\/11\/Logo-finance-par-Cvec-fond-blanc.jpg\" alt=\"\" class=\"wp-image-2596\" width=\"262\" height=\"128\"\/><\/figure><\/div>\n<\/div>\n<\/div>\n\n\n\n<iframe loading=\"lazy\" src=\"https:\/\/docs.google.com\/forms\/d\/e\/1FAIpQLSeIwSuQGzUCqNRcxZAShq41Of4LQoUr8K4sZaWTVBXOJ_jnpA\/viewform?embedded=true\" width=\"640\" height=\"600\" frameborder=\"0\" marginheight=\"0\" marginwidth=\"0\">Chargement\u2026<\/iframe>\n","protected":false},"excerpt":{"rendered":"<p>Pour les \u00e9tudiants de l\u2019acad\u00e9mie d&rsquo;Aix-Marseille, les cours de v\u00e9lo sont enti\u00e8rement pris en charge par le Crous d&rsquo;Aix-Marseille Avignon sur fonds Cvec Chargement\u2026<\/p>\n","protected":false},"author":5,"featured_media":0,"parent":0,"menu_order":0,"comment_status":"closed","ping_status":"closed","template":"template-nosidebar.php","meta":{"footnotes":""},"class_list":["post-2582","page","type-page","status-publish","hentry"],"jetpack_sharing_enabled":true,"_links":{"self":[{"href":"https:\/\/adava.fr\/wp\/wp-json\/wp\/v2\/pages\/2582","targetHints":{"allow":["GET"]}}],"collection":[{"href":"https:\/\/adava.fr\/wp\/wp-json\/wp\/v2\/pages"}],"about":[{"href":"https:\/\/adava.fr\/wp\/wp-json\/wp\/v2\/types\/page"}],"author":[{"embeddable":true,"href":"https:\/\/adava.fr\/wp\/wp-json\/wp\/v2\/users\/5"}],"replies":[{"embeddable":true,"href":"https:\/\/adava.fr\/wp\/wp-json\/wp\/v2\/comments?post=2582"}],"version-history":[{"count":0,"href":"https:\/\/adava.fr\/wp\/wp-json\/wp\/v2\/pages\/2582\/revisions"}],"wp:attachment":[{"href":"https:\/\/adava.fr\/wp\/wp-json\/wp\/v2\/media?parent=2582"}],"curies":[{"name":"wp","href":"https:\/\/api.w.org\/{rel}","templated":true}]}}